{"id":1486,"date":"2023-04-22T14:04:30","date_gmt":"2023-04-22T14:04:30","guid":{"rendered":"https:\/\/ornamentum-manufacture.fr\/?post_type=product&#038;p=1486"},"modified":"2024-10-15T19:14:12","modified_gmt":"2024-10-15T19:14:12","slug":"spring-cocktail","status":"publish","type":"product","link":"https:\/\/ornamentum-manufacture.fr\/?product=spring-cocktail","title":{"rendered":"Spring Cocktail"},"content":{"rendered":"<p><img decoding=\"async\" loading=\"lazy\" class=\"alignnone size-large wp-image-1477\" src=\"http:\/\/ornamentum-manufacture.fr\/wp-content\/uploads\/2023\/04\/IMG_5579-Grande-768x1024.jpeg\" alt=\"\" width=\"768\" height=\"1024\" srcset=\"http:\/\/ornamentum-manufacture.fr\/wp-content\/uploads\/2023\/04\/IMG_5579-Grande-768x1024.jpeg 768w, http:\/\/ornamentum-manufacture.fr\/wp-content\/uploads\/2023\/04\/IMG_5579-Grande-480x640.jpeg 480w\" sizes=\"(min-width: 0px) and (max-width: 480px) 480px, (min-width: 481px) 768px, 100vw\" \/><\/p>\n","protected":false},"excerpt":{"rendered":"<p><strong>Boucles d\u2019oreilles fantaisie de haute qualit\u00e9, con\u00e7ues \u00e0 la main en Bretagne.<\/strong><\/p>\n<p><strong>Clous d\u2019oreilles<\/strong> en acier inoxydable dor\u00e9e \u2013 or 18 carats, sans plomb, sans cadmium, sans nickel ; assemblage anneaux en argent 925 dor\u00e9.<\/p>\n<p>Argile polym\u00e8re sp\u00e9ciale bijouterie, contient des feuilles d\u2019or, finition en r\u00e9sine<\/p>\n<p>Chaque paire de boucles d\u2019oreilles est unique. Les pi\u00e8ces peuvent comporter de petites nuances de fabrication par rapport aux photos pr\u00e9sent\u00e9es \u2013 photos non contractuelles.<\/p>\n<p>&nbsp;<\/p>\n<p>Pour prendre soin de vos boucles d\u2019oreille en polym\u00e8re :<\/p>\n<ol>\n<li>Evitez de les exposer \u00e0 l\u2019eau, \u00e0 l\u2019humidit\u00e9 excessive ou \u00e0 des produits chimiques agressifs.<\/li>\n<li>Nettoyez-les d\u00e9licatement avec un chiffon doux et sec pour enlever la salet\u00e9 ou des r\u00e9sidus.<\/li>\n<li>Rangez-les dans un endroit sec et \u00e0 l\u2019abri de la lumi\u00e8re directe du soleil pour \u00e9viter la d\u00e9coloration ou la d\u00e9formation.<\/li>\n<\/ol>\n","protected":false},"featured_media":1476,"comment_status":"open","ping_status":"closed","template":"","meta":{"_et_pb_use_builder":"","_et_pb_old_content":"","_et_gb_content_width":"","_monsterinsights_skip_tracking":false,"_monsterinsights_sitenote_active":false,"_monsterinsights_sitenote_note":"","_monsterinsights_sitenote_category":0},"product_cat":[15],"product_tag":[],"yoast_head":"<!-- This site is optimized with the Yoast SEO plugin v20.8 - https:\/\/yoast.com\/wordpress\/plugins\/seo\/ -->\n<title>Spring Cocktail - ORNAMENTUM MANUFACTURE<\/title>\n<meta name=\"robots\" content=\"index, follow, max-snippet:-1, max-image-preview:large, max-video-preview:-1\" \/>\n<link rel=\"canonical\" href=\"https:\/\/ornamentum-manufacture.fr\/?product=spring-cocktail\" \/>\n<meta property=\"og:locale\" content=\"en_US\" \/>\n<meta property=\"og:type\" content=\"article\" \/>\n<meta property=\"og:title\" content=\"Spring Cocktail - ORNAMENTUM MANUFACTURE\" \/>\n<meta property=\"og:description\" content=\"Boucles d\u2019oreilles fantaisie de haute qualit\u00e9, con\u00e7ues \u00e0 la main en Bretagne.  Clous d\u2019oreilles en acier inoxydable dor\u00e9e \u2013 or 18 carats, sans plomb, sans cadmium, sans nickel ; assemblage anneaux en argent 925 dor\u00e9.  Argile polym\u00e8re sp\u00e9ciale bijouterie, contient des feuilles d\u2019or, finition en r\u00e9sine  Chaque paire de boucles d\u2019oreilles est unique. Les pi\u00e8ces peuvent comporter de petites nuances de fabrication par rapport aux photos pr\u00e9sent\u00e9es \u2013 photos non contractuelles.  &nbsp;  Pour prendre soin de vos boucles d\u2019oreille en polym\u00e8re :   Evitez de les exposer \u00e0 l\u2019eau, \u00e0 l\u2019humidit\u00e9 excessive ou \u00e0 des produits chimiques agressifs.  Nettoyez-les d\u00e9licatement avec un chiffon doux et sec pour enlever la salet\u00e9 ou des r\u00e9sidus.  Rangez-les dans un endroit sec et \u00e0 l\u2019abri de la lumi\u00e8re directe du soleil pour \u00e9viter la d\u00e9coloration ou la d\u00e9formation.\" \/>\n<meta property=\"og:url\" content=\"https:\/\/ornamentum-manufacture.fr\/?product=spring-cocktail\" \/>\n<meta property=\"og:site_name\" content=\"ORNAMENTUM MANUFACTURE\" \/>\n<meta property=\"article:modified_time\" content=\"2024-10-15T19:14:12+00:00\" \/>\n<meta property=\"og:image\" content=\"http:\/\/ornamentum-manufacture.fr\/wp-content\/uploads\/2023\/04\/IMG_5578-Moyenne.jpeg\" \/>\n\t<meta property=\"og:image:width\" content=\"480\" \/>\n\t<meta property=\"og:image:height\" content=\"640\" \/>\n\t<meta property=\"og:image:type\" content=\"image\/jpeg\" \/>\n<meta name=\"twitter:card\" content=\"summary_large_image\" \/>\n<meta name=\"twitter:label1\" content=\"Est. reading time\" \/>\n\t<meta name=\"twitter:data1\" content=\"1 minute\" \/>\n<script type=\"application\/ld+json\" class=\"yoast-schema-graph\">{\"@context\":\"https:\/\/schema.org\",\"@graph\":[{\"@type\":\"WebPage\",\"@id\":\"https:\/\/ornamentum-manufacture.fr\/?product=spring-cocktail\",\"url\":\"https:\/\/ornamentum-manufacture.fr\/?product=spring-cocktail\",\"name\":\"Spring Cocktail - ORNAMENTUM MANUFACTURE\",\"isPartOf\":{\"@id\":\"https:\/\/ornamentum-manufacture.fr\/#website\"},\"datePublished\":\"2023-04-22T14:04:30+00:00\",\"dateModified\":\"2024-10-15T19:14:12+00:00\",\"breadcrumb\":{\"@id\":\"https:\/\/ornamentum-manufacture.fr\/?product=spring-cocktail#breadcrumb\"},\"inLanguage\":\"en-US\",\"potentialAction\":[{\"@type\":\"ReadAction\",\"target\":[\"https:\/\/ornamentum-manufacture.fr\/?product=spring-cocktail\"]}]},{\"@type\":\"BreadcrumbList\",\"@id\":\"https:\/\/ornamentum-manufacture.fr\/?product=spring-cocktail#breadcrumb\",\"itemListElement\":[{\"@type\":\"ListItem\",\"position\":1,\"name\":\"Accueil\",\"item\":\"https:\/\/ornamentum-manufacture.fr\/\"},{\"@type\":\"ListItem\",\"position\":2,\"name\":\"Shop\",\"item\":\"https:\/\/ornamentum-manufacture.fr\/?page_id=1801\"},{\"@type\":\"ListItem\",\"position\":3,\"name\":\"Spring Cocktail\"}]},{\"@type\":\"WebSite\",\"@id\":\"https:\/\/ornamentum-manufacture.fr\/#website\",\"url\":\"https:\/\/ornamentum-manufacture.fr\/\",\"name\":\"ORNAMENTUM MANUFACTURE\",\"description\":\"Cr\u00e9ation de bijoux\",\"publisher\":{\"@id\":\"https:\/\/ornamentum-manufacture.fr\/#organization\"},\"potentialAction\":[{\"@type\":\"SearchAction\",\"target\":{\"@type\":\"EntryPoint\",\"urlTemplate\":\"https:\/\/ornamentum-manufacture.fr\/?s={search_term_string}\"},\"query-input\":\"required name=search_term_string\"}],\"inLanguage\":\"en-US\"},{\"@type\":\"Organization\",\"@id\":\"https:\/\/ornamentum-manufacture.fr\/#organization\",\"name\":\"ORNAMENTUM MANUFACTURE\",\"url\":\"https:\/\/ornamentum-manufacture.fr\/\",\"logo\":{\"@type\":\"ImageObject\",\"inLanguage\":\"en-US\",\"@id\":\"https:\/\/ornamentum-manufacture.fr\/#\/schema\/logo\/image\/\",\"url\":\"https:\/\/ornamentum-manufacture.fr\/wp-content\/uploads\/2023\/01\/cropped-LOGO.png\",\"contentUrl\":\"https:\/\/ornamentum-manufacture.fr\/wp-content\/uploads\/2023\/01\/cropped-LOGO.png\",\"width\":512,\"height\":512,\"caption\":\"ORNAMENTUM MANUFACTURE\"},\"image\":{\"@id\":\"https:\/\/ornamentum-manufacture.fr\/#\/schema\/logo\/image\/\"}}]}<\/script>\n<!-- \/ Yoast SEO plugin. -->","yoast_head_json":{"title":"Spring Cocktail - ORNAMENTUM MANUFACTURE","robots":{"index":"index","follow":"follow","max-snippet":"max-snippet:-1","max-image-preview":"max-image-preview:large","max-video-preview":"max-video-preview:-1"},"canonical":"https:\/\/ornamentum-manufacture.fr\/?product=spring-cocktail","og_locale":"en_US","og_type":"article","og_title":"Spring Cocktail - ORNAMENTUM MANUFACTURE","og_description":"Boucles d\u2019oreilles fantaisie de haute qualit\u00e9, con\u00e7ues \u00e0 la main en Bretagne.  Clous d\u2019oreilles en acier inoxydable dor\u00e9e \u2013 or 18 carats, sans plomb, sans cadmium, sans nickel ; assemblage anneaux en argent 925 dor\u00e9.  Argile polym\u00e8re sp\u00e9ciale bijouterie, contient des feuilles d\u2019or, finition en r\u00e9sine  Chaque paire de boucles d\u2019oreilles est unique. Les pi\u00e8ces peuvent comporter de petites nuances de fabrication par rapport aux photos pr\u00e9sent\u00e9es \u2013 photos non contractuelles.  &nbsp;  Pour prendre soin de vos boucles d\u2019oreille en polym\u00e8re :   Evitez de les exposer \u00e0 l\u2019eau, \u00e0 l\u2019humidit\u00e9 excessive ou \u00e0 des produits chimiques agressifs.  Nettoyez-les d\u00e9licatement avec un chiffon doux et sec pour enlever la salet\u00e9 ou des r\u00e9sidus.  Rangez-les dans un endroit sec et \u00e0 l\u2019abri de la lumi\u00e8re directe du soleil pour \u00e9viter la d\u00e9coloration ou la d\u00e9formation.","og_url":"https:\/\/ornamentum-manufacture.fr\/?product=spring-cocktail","og_site_name":"ORNAMENTUM MANUFACTURE","article_modified_time":"2024-10-15T19:14:12+00:00","og_image":[{"width":480,"height":640,"url":"http:\/\/ornamentum-manufacture.fr\/wp-content\/uploads\/2023\/04\/IMG_5578-Moyenne.jpeg","type":"image\/jpeg"}],"twitter_card":"summary_large_image","twitter_misc":{"Est. reading time":"1 minute"},"schema":{"@context":"https:\/\/schema.org","@graph":[{"@type":"WebPage","@id":"https:\/\/ornamentum-manufacture.fr\/?product=spring-cocktail","url":"https:\/\/ornamentum-manufacture.fr\/?product=spring-cocktail","name":"Spring Cocktail - ORNAMENTUM MANUFACTURE","isPartOf":{"@id":"https:\/\/ornamentum-manufacture.fr\/#website"},"datePublished":"2023-04-22T14:04:30+00:00","dateModified":"2024-10-15T19:14:12+00:00","breadcrumb":{"@id":"https:\/\/ornamentum-manufacture.fr\/?product=spring-cocktail#breadcrumb"},"inLanguage":"en-US","potentialAction":[{"@type":"ReadAction","target":["https:\/\/ornamentum-manufacture.fr\/?product=spring-cocktail"]}]},{"@type":"BreadcrumbList","@id":"https:\/\/ornamentum-manufacture.fr\/?product=spring-cocktail#breadcrumb","itemListElement":[{"@type":"ListItem","position":1,"name":"Accueil","item":"https:\/\/ornamentum-manufacture.fr\/"},{"@type":"ListItem","position":2,"name":"Shop","item":"https:\/\/ornamentum-manufacture.fr\/?page_id=1801"},{"@type":"ListItem","position":3,"name":"Spring Cocktail"}]},{"@type":"WebSite","@id":"https:\/\/ornamentum-manufacture.fr\/#website","url":"https:\/\/ornamentum-manufacture.fr\/","name":"ORNAMENTUM MANUFACTURE","description":"Cr\u00e9ation de bijoux","publisher":{"@id":"https:\/\/ornamentum-manufacture.fr\/#organization"},"potentialAction":[{"@type":"SearchAction","target":{"@type":"EntryPoint","urlTemplate":"https:\/\/ornamentum-manufacture.fr\/?s={search_term_string}"},"query-input":"required name=search_term_string"}],"inLanguage":"en-US"},{"@type":"Organization","@id":"https:\/\/ornamentum-manufacture.fr\/#organization","name":"ORNAMENTUM MANUFACTURE","url":"https:\/\/ornamentum-manufacture.fr\/","logo":{"@type":"ImageObject","inLanguage":"en-US","@id":"https:\/\/ornamentum-manufacture.fr\/#\/schema\/logo\/image\/","url":"https:\/\/ornamentum-manufacture.fr\/wp-content\/uploads\/2023\/01\/cropped-LOGO.png","contentUrl":"https:\/\/ornamentum-manufacture.fr\/wp-content\/uploads\/2023\/01\/cropped-LOGO.png","width":512,"height":512,"caption":"ORNAMENTUM MANUFACTURE"},"image":{"@id":"https:\/\/ornamentum-manufacture.fr\/#\/schema\/logo\/image\/"}}]}},"_links":{"self":[{"href":"https:\/\/ornamentum-manufacture.fr\/index.php?rest_route=\/wp\/v2\/product\/1486"}],"collection":[{"href":"https:\/\/ornamentum-manufacture.fr\/index.php?rest_route=\/wp\/v2\/product"}],"about":[{"href":"https:\/\/ornamentum-manufacture.fr\/index.php?rest_route=\/wp\/v2\/types\/product"}],"replies":[{"embeddable":true,"href":"https:\/\/ornamentum-manufacture.fr\/index.php?rest_route=%2Fwp%2Fv2%2Fcomments&post=1486"}],"wp:featuredmedia":[{"embeddable":true,"href":"https:\/\/ornamentum-manufacture.fr\/index.php?rest_route=\/wp\/v2\/media\/1476"}],"wp:attachment":[{"href":"https:\/\/ornamentum-manufacture.fr\/index.php?rest_route=%2Fwp%2Fv2%2Fmedia&parent=1486"}],"wp:term":[{"taxonomy":"product_cat","embeddable":true,"href":"https:\/\/ornamentum-manufacture.fr\/index.php?rest_route=%2Fwp%2Fv2%2Fproduct_cat&post=1486"},{"taxonomy":"product_tag","embeddable":true,"href":"https:\/\/ornamentum-manufacture.fr\/index.php?rest_route=%2Fwp%2Fv2%2Fproduct_tag&post=1486"}],"curies":[{"name":"wp","href":"https:\/\/api.w.org\/{rel}","templated":true}]}}